{"id":717,"date":"2025-02-20T14:45:59","date_gmt":"2025-02-20T13:45:59","guid":{"rendered":"https:\/\/thelineavocats.fr\/?page_id=717"},"modified":"2025-02-20T14:54:37","modified_gmt":"2025-02-20T13:54:37","slug":"alexandra-menard","status":"publish","type":"page","link":"https:\/\/thelineavocats.fr\/en\/alexandra-menard\/","title":{"rendered":"QRCODE &#8211; alexandra-menard"},"content":{"rendered":"<div data-elementor-type=\"wp-page\" data-elementor-id=\"717\" class=\"elementor elementor-717\" data-elementor-post-type=\"page\">\n\t\t\t\t<div class=\"elementor-element elementor-element-d9927da e-flex e-con-boxed e-con e-parent\" data-id=\"d9927da\" data-element_type=\"container\" data-settings=\"{&quot;background_background&quot;:&quot;classic&quot;}\">\n\t\t\t\t\t<div class=\"e-con-inner\">\n\t\t<div class=\"elementor-element elementor-element-72d1afb e-con-full e-flex elementor-invisible e-con e-child\" data-id=\"72d1afb\" data-element_type=\"container\" data-settings=\"{&quot;animation&quot;:&quot;fadeInLeft&quot;}\">\n\t\t\t\t<div class=\"elementor-element elementor-element-1f80616 elementor-widget elementor-widget-heading\" data-id=\"1f80616\" data-element_type=\"widget\" data-widget_type=\"heading.default\">\n\t\t\t\t\t<h1 class=\"elementor-heading-title elementor-size-default\">Alexandra\nM\u00e9nard<\/h1>\t\t\t\t<\/div>\n\t\t\t\t<div class=\"elementor-element elementor-element-579d1cd elementor-widget elementor-widget-heading\" data-id=\"579d1cd\" data-element_type=\"widget\" data-widget_type=\"heading.default\">\n\t\t\t\t\t<h2 class=\"elementor-heading-title elementor-size-default\">Droit des soci\u00e9t\u00e9s - M&amp;A - Private Equity<\/h2>\t\t\t\t<\/div>\n\t\t\t\t<\/div>\n\t\t\t\t\t<\/div>\n\t\t\t\t<\/div>\n\t\t<div class=\"elementor-element elementor-element-f7423b1 e-flex e-con-boxed e-con e-parent\" data-id=\"f7423b1\" data-element_type=\"container\">\n\t\t\t\t\t<div class=\"e-con-inner\">\n\t\t<div class=\"elementor-element elementor-element-c7c44d3 e-con-full e-flex e-con e-child\" data-id=\"c7c44d3\" data-element_type=\"container\">\n\t\t<div class=\"elementor-element elementor-element-322455a e-con-full e-flex e-con e-child\" data-id=\"322455a\" data-element_type=\"container\" data-settings=\"{&quot;background_background&quot;:&quot;classic&quot;}\">\n\t\t<a class=\"elementor-element elementor-element-ba13395 e-con-full e-flex e-con e-child\" data-id=\"ba13395\" data-element_type=\"container\" href=\"tel:+33659594197\">\n\t\t\t\t<div class=\"elementor-element elementor-element-e32232d elementor-align-left elementor-icon-list--layout-traditional elementor-list-item-link-full_width elementor-widget elementor-widget-icon-list\" data-id=\"e32232d\" data-element_type=\"widget\" data-widget_type=\"icon-list.default\">\n\t\t\t\t\t\t\t<ul class=\"elementor-icon-list-items\">\n\t\t\t\t\t\t\t<li class=\"elementor-icon-list-item\">\n\t\t\t\t\t\t\t\t\t\t\t<span class=\"elementor-icon-list-icon\">\n\t\t\t\t\t\t\t<svg xmlns=\"http:\/\/www.w3.org\/2000\/svg\" width=\"19\" height=\"19\" viewbox=\"0 0 19 19\"><g id=\"Grupo_255\" data-name=\"Grupo 255\" transform=\"translate(-100.964 -2838.258)\"><path id=\"Icon_awesome-phone-alt\" data-name=\"Icon awesome-phone-alt\" d=\"M18.458,13.427,14.3,11.645a.891.891,0,0,0-1.039.256L11.422,14.15A13.755,13.755,0,0,1,4.847,7.575L7.1,5.734a.888.888,0,0,0,.256-1.039L5.57.539A.9.9,0,0,0,4.55.023L.69.913A.891.891,0,0,0,0,1.781,17.217,17.217,0,0,0,17.219,19a.891.891,0,0,0,.868-.69l.891-3.859a.9.9,0,0,0-.52-1.024Z\" transform=\"translate(100.964 2838.257)\"><\/path><\/g><\/svg>\t\t\t\t\t\t<\/span>\n\t\t\t\t\t\t\t\t\t\t<span class=\"elementor-icon-list-text\"><\/span>\n\t\t\t\t\t\t\t\t\t<\/li>\n\t\t\t\t\t\t<\/ul>\n\t\t\t\t\t\t<\/div>\n\t\t\t\t<\/a>\n\t\t<a class=\"elementor-element elementor-element-f3c6db3 e-con-full e-flex e-con e-child\" data-id=\"f3c6db3\" data-element_type=\"container\" href=\"mailto:amenard@thelineavocats.com\">\n\t\t\t\t<div class=\"elementor-element elementor-element-3e26f4b elementor-align-left elementor-icon-list--layout-traditional elementor-list-item-link-full_width elementor-widget elementor-widget-icon-list\" data-id=\"3e26f4b\" data-element_type=\"widget\" data-widget_type=\"icon-list.default\">\n\t\t\t\t\t\t\t<ul class=\"elementor-icon-list-items\">\n\t\t\t\t\t\t\t<li class=\"elementor-icon-list-item\">\n\t\t\t\t\t\t\t\t\t\t\t<span class=\"elementor-icon-list-icon\">\n\t\t\t\t\t\t\t<svg xmlns=\"http:\/\/www.w3.org\/2000\/svg\" width=\"18.444\" height=\"14.756\" viewbox=\"0 0 18.444 14.756\"><path id=\"Icon_material-email\" data-name=\"Icon material-email\" d=\"M19.6,6H4.844A1.842,1.842,0,0,0,3.009,7.844L3,18.911a1.85,1.85,0,0,0,1.844,1.844H19.6a1.85,1.85,0,0,0,1.844-1.844V7.844A1.85,1.85,0,0,0,19.6,6Zm0,3.689L12.222,14.3,4.844,9.689V7.844l7.378,4.611L19.6,7.844Z\" transform=\"translate(-3 -6)\"><\/path><\/svg>\t\t\t\t\t\t<\/span>\n\t\t\t\t\t\t\t\t\t\t<span class=\"elementor-icon-list-text\"><\/span>\n\t\t\t\t\t\t\t\t\t<\/li>\n\t\t\t\t\t\t<\/ul>\n\t\t\t\t\t\t<\/div>\n\t\t\t\t<\/a>\n\t\t<a class=\"elementor-element elementor-element-b5291af e-con-full e-flex e-con e-child\" data-id=\"b5291af\" data-element_type=\"container\" href=\"https:\/\/thelineavocats.fr\/VCF-alexandra-menard.vcf\">\n\t\t\t\t<div class=\"elementor-element elementor-element-d2120ab elementor-align-left elementor-icon-list--layout-traditional elementor-list-item-link-full_width elementor-widget elementor-widget-icon-list\" data-id=\"d2120ab\" data-element_type=\"widget\" data-widget_type=\"icon-list.default\">\n\t\t\t\t\t\t\t<ul class=\"elementor-icon-list-items\">\n\t\t\t\t\t\t\t<li class=\"elementor-icon-list-item\">\n\t\t\t\t\t\t\t\t\t\t\t<span class=\"elementor-icon-list-icon\">\n\t\t\t\t\t\t\t<svg xmlns=\"http:\/\/www.w3.org\/2000\/svg\" width=\"21.157\" height=\"16.456\" viewbox=\"0 0 21.157 16.456\"><path id=\"Icon_awesome-address-card\" data-name=\"Icon awesome-address-card\" d=\"M19.394,2.25H1.763A1.764,1.764,0,0,0,0,4.013V16.942a1.764,1.764,0,0,0,1.763,1.763H19.394a1.764,1.764,0,0,0,1.763-1.763V4.013A1.764,1.764,0,0,0,19.394,2.25ZM6.465,5.776A2.351,2.351,0,1,1,4.114,8.127,2.353,2.353,0,0,1,6.465,5.776Zm4.114,8.7a.77.77,0,0,1-.823.705H3.174a.77.77,0,0,1-.823-.705v-.705a2.313,2.313,0,0,1,2.468-2.116H5a3.783,3.783,0,0,0,2.924,0H8.11a2.313,2.313,0,0,1,2.468,2.116Zm8.228-1.939a.3.3,0,0,1-.294.294H13.223a.3.3,0,0,1-.294-.294v-.588a.3.3,0,0,1,.294-.294h5.289a.3.3,0,0,1,.294.294Zm0-2.351a.3.3,0,0,1-.294.294H13.223a.3.3,0,0,1-.294-.294V9.6a.3.3,0,0,1,.294-.294h5.289a.3.3,0,0,1,.294.294Zm0-2.351a.3.3,0,0,1-.294.294H13.223a.3.3,0,0,1-.294-.294V7.245a.3.3,0,0,1,.294-.294h5.289a.3.3,0,0,1,.294.294Z\" transform=\"translate(0 -2.25)\"><\/path><\/svg>\t\t\t\t\t\t<\/span>\n\t\t\t\t\t\t\t\t\t\t<span class=\"elementor-icon-list-text\"><\/span>\n\t\t\t\t\t\t\t\t\t<\/li>\n\t\t\t\t\t\t<\/ul>\n\t\t\t\t\t\t<\/div>\n\t\t\t\t<\/a>\n\t\t\t\t<\/div>\n\t\t\t\t<\/div>\n\t\t<div class=\"elementor-element elementor-element-d90b321 e-con-full e-flex e-con e-child\" data-id=\"d90b321\" data-element_type=\"container\">\n\t\t<div class=\"elementor-element elementor-element-07bb24e e-con-full e-flex e-con e-child\" data-id=\"07bb24e\" data-element_type=\"container\">\n\t\t\t\t<div class=\"elementor-element elementor-element-bdfa1d9 elementor-icon-list--layout-traditional elementor-list-item-link-full_width elementor-widget elementor-widget-icon-list\" data-id=\"bdfa1d9\" data-element_type=\"widget\" data-widget_type=\"icon-list.default\">\n\t\t\t\t\t\t\t<ul class=\"elementor-icon-list-items\">\n\t\t\t\t\t\t\t<li class=\"elementor-icon-list-item\">\n\t\t\t\t\t\t\t\t\t\t\t<a href=\"tel:+33659594197\">\n\n\t\t\t\t\t\t\t\t\t\t\t\t<span class=\"elementor-icon-list-icon\">\n\t\t\t\t\t\t\t<i aria-hidden=\"true\" class=\"fas fa-phone-alt\"><\/i>\t\t\t\t\t\t<\/span>\n\t\t\t\t\t\t\t\t\t\t<span class=\"elementor-icon-list-text\">+33659594197<\/span>\n\t\t\t\t\t\t\t\t\t\t\t<\/a>\n\t\t\t\t\t\t\t\t\t<\/li>\n\t\t\t\t\t\t\t\t<li class=\"elementor-icon-list-item\">\n\t\t\t\t\t\t\t\t\t\t\t<a href=\"mailto:amenard@thelineavocats.com\">\n\n\t\t\t\t\t\t\t\t\t\t\t\t<span class=\"elementor-icon-list-icon\">\n\t\t\t\t\t\t\t<i aria-hidden=\"true\" class=\"fas fa-envelope\"><\/i>\t\t\t\t\t\t<\/span>\n\t\t\t\t\t\t\t\t\t\t<span class=\"elementor-icon-list-text\">amenard@thelineavocats.com<\/span>\n\t\t\t\t\t\t\t\t\t\t\t<\/a>\n\t\t\t\t\t\t\t\t\t<\/li>\n\t\t\t\t\t\t\t\t<li class=\"elementor-icon-list-item\">\n\t\t\t\t\t\t\t\t\t\t\t<span class=\"elementor-icon-list-icon\">\n\t\t\t\t\t\t\t<i aria-hidden=\"true\" class=\"fas fa-suitcase\"><\/i>\t\t\t\t\t\t<\/span>\n\t\t\t\t\t\t\t\t\t\t<span class=\"elementor-icon-list-text\">Droit des soci\u00e9t\u00e9s - M&A - Private Equity<\/span>\n\t\t\t\t\t\t\t\t\t<\/li>\n\t\t\t\t\t\t\t\t<li class=\"elementor-icon-list-item\">\n\t\t\t\t\t\t\t\t\t\t\t<a href=\"https:\/\/goo.gl\/maps\/1rkPHBAwMFT6v9uM8\" target=\"_blank\" rel=\"noopener\">\n\n\t\t\t\t\t\t\t\t\t\t\t\t<span class=\"elementor-icon-list-icon\">\n\t\t\t\t\t\t\t<i aria-hidden=\"true\" class=\"fas fa-map-marker-alt\"><\/i>\t\t\t\t\t\t<\/span>\n\t\t\t\t\t\t\t\t\t\t<span class=\"elementor-icon-list-text\">53 Cours Xavier Arnozan 33000 Bordeaux<\/span>\n\t\t\t\t\t\t\t\t\t\t\t<\/a>\n\t\t\t\t\t\t\t\t\t<\/li>\n\t\t\t\t\t\t<\/ul>\n\t\t\t\t\t\t<\/div>\n\t\t\t\t<\/div>\n\t\t<div class=\"elementor-element elementor-element-fb1c081 e-con-full e-flex e-con e-child\" data-id=\"fb1c081\" data-element_type=\"container\">\n\t\t\t\t<div class=\"elementor-element elementor-element-54099c6 elementor-align-justify elementor-widget elementor-widget-button\" data-id=\"54099c6\" data-element_type=\"widget\" data-widget_type=\"button.default\">\n\t\t\t\t\t\t\t\t\t\t<a class=\"elementor-button elementor-button-link elementor-size-sm\" href=\"https:\/\/thelineavocats.fr\/en\">\n\t\t\t\t\t\t<span class=\"elementor-button-content-wrapper\">\n\t\t\t\t\t\t\t\t\t<span class=\"elementor-button-text\">Retour au site<\/span>\n\t\t\t\t\t<\/span>\n\t\t\t\t\t<\/a>\n\t\t\t\t\t\t\t\t<\/div>\n\t\t\t\t<\/div>\n\t\t\t\t<\/div>\n\t\t\t\t\t<\/div>\n\t\t\t\t<\/div>\n\t\t\t\t<\/div>","protected":false},"excerpt":{"rendered":"<p>Alexandra M\u00e9nard Droit des soci\u00e9t\u00e9s &#8211; M&amp;A &#8211; Private Equity +33659594197 amenard@thelineavocats.com Droit des soci\u00e9t\u00e9s &#8211; M&#038;A &#8211; Private Equity 53 Cours Xavier Arnozan 33000 Bordeaux Retour au site<\/p>","protected":false},"author":1,"featured_media":0,"parent":0,"menu_order":0,"comment_status":"closed","ping_status":"closed","template":"","meta":{"footnotes":""},"class_list":["post-717","page","type-page","status-publish","hentry"],"_links":{"self":[{"href":"https:\/\/thelineavocats.fr\/en\/wp-json\/wp\/v2\/pages\/717","targetHints":{"allow":["GET"]}}],"collection":[{"href":"https:\/\/thelineavocats.fr\/en\/wp-json\/wp\/v2\/pages"}],"about":[{"href":"https:\/\/thelineavocats.fr\/en\/wp-json\/wp\/v2\/types\/page"}],"author":[{"embeddable":true,"href":"https:\/\/thelineavocats.fr\/en\/wp-json\/wp\/v2\/users\/1"}],"replies":[{"embeddable":true,"href":"https:\/\/thelineavocats.fr\/en\/wp-json\/wp\/v2\/comments?post=717"}],"version-history":[{"count":0,"href":"https:\/\/thelineavocats.fr\/en\/wp-json\/wp\/v2\/pages\/717\/revisions"}],"wp:attachment":[{"href":"https:\/\/thelineavocats.fr\/en\/wp-json\/wp\/v2\/media?parent=717"}],"curies":[{"name":"wp","href":"https:\/\/api.w.org\/{rel}","templated":true}]}}